{"id":2601,"date":"2024-01-23T13:53:14","date_gmt":"2024-01-23T04:53:14","guid":{"rendered":"https:\/\/youthful-boyd.185-225-22-20.plesk.page\/termos-de-uso\/"},"modified":"2024-03-13T15:05:29","modified_gmt":"2024-03-13T06:05:29","slug":"termos-de-uso","status":"publish","type":"page","link":"https:\/\/pm-create.jp\/pt-br\/termos-de-uso\/","title":{"rendered":"Termos de Uso"},"content":{"rendered":"\t\t<div data-elementor-type=\"wp-page\" data-elementor-id=\"2601\" class=\"elementor elementor-2601 elementor-126\" data-elementor-post-type=\"page\">\n\t\t\t\t\t\t<section class=\"elementor-section elementor-top-section elementor-element elementor-element-d65e2ca elementor-section-height-min-height elementor-section-items-stretch elementor-section-content-middle elementor-section-boxed elementor-section-height-default\" data-id=\"d65e2ca\" data-element_type=\"section\" data-e-type=\"section\" data-settings=\"{&quot;background_background&quot;:&quot;classic&quot;}\">\n\t\t\t\t\t\t\t<div class=\"elementor-background-overlay\"><\/div>\n\t\t\t\t\t\t\t<div class=\"elementor-container elementor-column-gap-no\">\n\t\t\t\t\t<div class=\"elementor-column elementor-col-100 elementor-top-column elementor-element elementor-element-6923484\" data-id=\"6923484\" data-element_type=\"column\" data-e-type=\"column\">\n\t\t\t<div class=\"elementor-widget-wrap elementor-element-populated\">\n\t\t\t\t\t\t<div class=\"elementor-element elementor-element-46f7a13 elementor-icon-list--layout-inline elementor-widget__width-auto elementor-list-item-link-full_width elementor-invisible elementor-widget elementor-widget-icon-list\" data-id=\"46f7a13\" data-element_type=\"widget\" data-e-type=\"widget\" data-settings=\"{&quot;_animation&quot;:&quot;fadeInUp&quot;,&quot;_animation_delay&quot;:100}\" data-widget_type=\"icon-list.default\">\n\t\t\t\t\t\t\t<ul class=\"elementor-icon-list-items elementor-inline-items\">\n\t\t\t\t\t\t\t<li class=\"elementor-icon-list-item elementor-inline-item\">\n\t\t\t\t\t\t\t\t\t\t\t<a href=\"https:\/\/pm-create.jp\/pt-br\/\">\n\n\t\t\t\t\t\t\t\t\t\t\t<span class=\"elementor-icon-list-text\">Home<\/span>\n\t\t\t\t\t\t\t\t\t\t\t<\/a>\n\t\t\t\t\t\t\t\t\t<\/li>\n\t\t\t\t\t\t\t\t<li class=\"elementor-icon-list-item elementor-inline-item\">\n\t\t\t\t\t\t\t\t\t\t<span class=\"elementor-icon-list-text\"><\/span>\n\t\t\t\t\t\t\t\t\t<\/li>\n\t\t\t\t\t\t<\/ul>\n\t\t\t\t\t\t<\/div>\n\t\t\t\t\t<\/div>\n\t\t<\/div>\n\t\t\t\t\t<\/div>\n\t\t<\/section>\n\t\t\t\t<section class=\"elementor-section elementor-top-section elementor-element elementor-element-1c92a84 elementor-section-boxed elementor-section-height-default elementor-section-height-default\" data-id=\"1c92a84\" data-element_type=\"section\" data-e-type=\"section\" data-settings=\"{&quot;background_background&quot;:&quot;classic&quot;}\">\n\t\t\t\t\t\t<div class=\"elementor-container elementor-column-gap-default\">\n\t\t\t\t\t<div class=\"elementor-column elementor-col-100 elementor-top-column elementor-element elementor-element-4218fe5\" data-id=\"4218fe5\" data-element_type=\"column\" data-e-type=\"column\">\n\t\t\t<div class=\"elementor-widget-wrap elementor-element-populated\">\n\t\t\t\t\t\t<div class=\"elementor-element elementor-element-857c8db elementor-widget elementor-widget-text-editor\" data-id=\"857c8db\" data-element_type=\"widget\" data-e-type=\"widget\" data-widget_type=\"text-editor.default\">\n\t\t\t\t\t\t\t\t\t<p><b>1. Presta\u00e7\u00e3o de servi\u00e7os<br><\/b>Nossa empresa oferece esse servi\u00e7o aos nossos clientes. O conte\u00fado, taxas e termos de presta\u00e7\u00e3o deste servi\u00e7o est\u00e3o sujeitos a altera\u00e7\u00f5es a nosso crit\u00e9rio.<\/p>\n<p><b>2. Crie e gerencie sua conta<br><\/b>Para utilizar algumas partes do Servi\u00e7o, voc\u00ea deve criar uma conta. As informa\u00e7\u00f5es da conta devem ser precisas e atuais. Voc\u00ea \u00e9 respons\u00e1vel por gerenciar sua conta e deve tomar as medidas adequadas para evitar o uso n\u00e3o autorizado.<\/p>\n<p><b>3. Proibi\u00e7\u00f5es<br><\/b>Ao utilizar este servi\u00e7o, os seguintes atos s\u00e3o proibidos.<\/p>\n<p>Atos que violam leis e regulamentos.<br>Ass\u00e9dio ou m\u00e1 conduta para com outros usu\u00e1rios.<br>Acesso n\u00e3o autorizado aos nossos servidores ou redes.<\/p><p><b>4. Pagamento<br><\/b>Podem ser aplicadas taxas por este servi\u00e7o. Consulte nosso site para obter detalhes de pagamento.<\/p>\n<p><b>5. Isen\u00e7\u00e3o de responsabilidade<br><\/b>A utiliza\u00e7\u00e3o deste servi\u00e7o \u00e9 por conta e risco do cliente e nossa empresa n\u00e3o oferece garantias. A nossa empresa n\u00e3o assume qualquer responsabilidade por quaisquer danos causados pela utiliza\u00e7\u00e3o deste servi\u00e7o.<\/p>\n<p><b>6. Tratamento de informa\u00e7\u00f5es pessoais<br><\/b>O tratamento das suas informa\u00e7\u00f5es pessoais estar\u00e1 de acordo com a nossa pol\u00edtica de privacidade. Por favor, verifique o site para obter detalhes.<\/p>\n<p><b>7. Altera\u00e7\u00f5es nestes Termos<br><\/b>Reservamo-nos o direito de alterar estes Termos. Caso haja alguma altera\u00e7\u00e3o avisaremos no site. Ao utilizar o Servi\u00e7o ap\u00f3s quaisquer altera\u00e7\u00f5es terem sido feitas, ser\u00e1 considerado que voc\u00ea concordou com as altera\u00e7\u00f5es.<\/p>\t\t\t\t\t\t\t\t<\/div>\n\t\t\t\t\t<\/div>\n\t\t<\/div>\n\t\t\t\t\t<\/div>\n\t\t<\/section>\n\t\t\t\t<\/div>\n\t\t","protected":false},"excerpt":{"rendered":"<p>Home 1. Presta\u00e7\u00e3o de servi\u00e7osNossa empresa oferece esse servi\u00e7o aos nossos clientes. O conte\u00fado, taxas e termos de presta\u00e7\u00e3o deste servi\u00e7o est\u00e3o sujeitos a altera\u00e7\u00f5es a nosso crit\u00e9rio. 2. Crie e gerencie sua contaPara utilizar algumas partes do Servi\u00e7o, voc\u00ea deve criar uma conta. As informa\u00e7\u00f5es da conta devem ser precisas e atuais. Voc\u00ea \u00e9 [&hellip;]<\/p>\n","protected":false},"author":1,"featured_media":0,"parent":0,"menu_order":0,"comment_status":"closed","ping_status":"closed","template":"elementor_header_footer","meta":{"_joinchat":[],"footnotes":""},"class_list":["post-2601","page","type-page","status-publish","hentry"],"_links":{"self":[{"href":"https:\/\/pm-create.jp\/pt-br\/wp-json\/wp\/v2\/pages\/2601","targetHints":{"allow":["GET"]}}],"collection":[{"href":"https:\/\/pm-create.jp\/pt-br\/wp-json\/wp\/v2\/pages"}],"about":[{"href":"https:\/\/pm-create.jp\/pt-br\/wp-json\/wp\/v2\/types\/page"}],"author":[{"embeddable":true,"href":"https:\/\/pm-create.jp\/pt-br\/wp-json\/wp\/v2\/users\/1"}],"replies":[{"embeddable":true,"href":"https:\/\/pm-create.jp\/pt-br\/wp-json\/wp\/v2\/comments?post=2601"}],"version-history":[{"count":8,"href":"https:\/\/pm-create.jp\/pt-br\/wp-json\/wp\/v2\/pages\/2601\/revisions"}],"predecessor-version":[{"id":3847,"href":"https:\/\/pm-create.jp\/pt-br\/wp-json\/wp\/v2\/pages\/2601\/revisions\/3847"}],"wp:attachment":[{"href":"https:\/\/pm-create.jp\/pt-br\/wp-json\/wp\/v2\/media?parent=2601"}],"curies":[{"name":"wp","href":"https:\/\/api.w.org\/{rel}","templated":true}]}}