{"id":2593,"date":"2024-01-23T13:48:21","date_gmt":"2024-01-23T04:48:21","guid":{"rendered":"https:\/\/youthful-boyd.185-225-22-20.plesk.page\/politica-de-privacidade\/"},"modified":"2024-03-13T15:05:14","modified_gmt":"2024-03-13T06:05:14","slug":"politica-de-privacidade","status":"publish","type":"page","link":"https:\/\/pm-create.jp\/pt-br\/politica-de-privacidade\/","title":{"rendered":"Pol\u00edtica de Privacidade"},"content":{"rendered":"\t\t<div data-elementor-type=\"wp-page\" data-elementor-id=\"2593\" class=\"elementor elementor-2593 elementor-108\" data-elementor-post-type=\"page\">\n\t\t\t\t\t\t<section class=\"elementor-section elementor-top-section elementor-element elementor-element-9c5753a elementor-section-height-min-height elementor-section-items-stretch elementor-section-content-middle elementor-section-boxed elementor-section-height-default\" data-id=\"9c5753a\" data-element_type=\"section\" data-e-type=\"section\" data-settings=\"{&quot;background_background&quot;:&quot;classic&quot;}\">\n\t\t\t\t\t\t\t<div class=\"elementor-background-overlay\"><\/div>\n\t\t\t\t\t\t\t<div class=\"elementor-container elementor-column-gap-no\">\n\t\t\t\t\t<div class=\"elementor-column elementor-col-100 elementor-top-column elementor-element elementor-element-df7bcb4\" data-id=\"df7bcb4\" data-element_type=\"column\" data-e-type=\"column\">\n\t\t\t<div class=\"elementor-widget-wrap elementor-element-populated\">\n\t\t\t\t\t\t<div class=\"elementor-element elementor-element-7db97ab elementor-icon-list--layout-inline elementor-widget__width-auto elementor-list-item-link-full_width elementor-invisible elementor-widget elementor-widget-icon-list\" data-id=\"7db97ab\" data-element_type=\"widget\" data-e-type=\"widget\" data-settings=\"{&quot;_animation&quot;:&quot;fadeInUp&quot;,&quot;_animation_delay&quot;:100}\" data-widget_type=\"icon-list.default\">\n\t\t\t\t\t\t\t<ul class=\"elementor-icon-list-items elementor-inline-items\">\n\t\t\t\t\t\t\t<li class=\"elementor-icon-list-item elementor-inline-item\">\n\t\t\t\t\t\t\t\t\t\t\t<a href=\"https:\/\/pm-create.jp\/pt-br\/\">\n\n\t\t\t\t\t\t\t\t\t\t\t<span class=\"elementor-icon-list-text\">Home<\/span>\n\t\t\t\t\t\t\t\t\t\t\t<\/a>\n\t\t\t\t\t\t\t\t\t<\/li>\n\t\t\t\t\t\t\t\t<li class=\"elementor-icon-list-item elementor-inline-item\">\n\t\t\t\t\t\t\t\t\t\t<span class=\"elementor-icon-list-text\"><\/span>\n\t\t\t\t\t\t\t\t\t<\/li>\n\t\t\t\t\t\t<\/ul>\n\t\t\t\t\t\t<\/div>\n\t\t\t\t\t<\/div>\n\t\t<\/div>\n\t\t\t\t\t<\/div>\n\t\t<\/section>\n\t\t\t\t<section class=\"elementor-section elementor-top-section elementor-element elementor-element-188772fa elementor-section-boxed elementor-section-height-default elementor-section-height-default\" data-id=\"188772fa\" data-element_type=\"section\" data-e-type=\"section\" data-settings=\"{&quot;background_background&quot;:&quot;classic&quot;}\">\n\t\t\t\t\t\t<div class=\"elementor-container elementor-column-gap-default\">\n\t\t\t\t\t<div class=\"elementor-column elementor-col-100 elementor-top-column elementor-element elementor-element-7ef7f285\" data-id=\"7ef7f285\" data-element_type=\"column\" data-e-type=\"column\">\n\t\t\t<div class=\"elementor-widget-wrap elementor-element-populated\">\n\t\t\t\t\t\t<div class=\"elementor-element elementor-element-55f911e elementor-widget elementor-widget-text-editor\" data-id=\"55f911e\" data-element_type=\"widget\" data-e-type=\"widget\" data-widget_type=\"text-editor.default\">\n\t\t\t\t\t\t\t\t\t<p><b>1. Em primeiro lugar<br><\/b>Esta pol\u00edtica de privacidade especifica como a PM CREATE (doravante denominada &#8220;n\u00f3s&#8221; ou &#8220;nos&#8221;) tratar\u00e1 suas informa\u00e7\u00f5es pessoais. Explica como coletamos, usamos e armazenamos suas informa\u00e7\u00f5es pessoais quando voc\u00ea usa nosso site e servi\u00e7os.<\/p>\n<p><b>2. Informa\u00e7\u00f5es coletadas<br><\/b>Podemos coletar suas informa\u00e7\u00f5es pessoais das seguintes maneiras:<\/p>\n<p>Informa\u00e7\u00f5es coletadas automaticamente quando voc\u00ea visita nosso site (como endere\u00e7o IP, tipo de navegador e p\u00e1ginas visitadas).<br>Informa\u00e7\u00f5es que voc\u00ea fornece por meio de formul\u00e1rios de registro e contato (como nome, endere\u00e7o de e-mail e n\u00famero de telefone).<br><b>3. Finalidade de uso<br><\/b>Podemos usar suas informa\u00e7\u00f5es pessoais para os seguintes fins:<\/p>\n<p>Presta\u00e7\u00e3o e explora\u00e7\u00e3o de servi\u00e7os.<br>Envio de comunica\u00e7\u00f5es e comunicados aos clientes.<br>Melhorar o nosso site e garantir a sua seguran\u00e7a.<br><b>4. Compartilhamento e divulga\u00e7\u00e3o de informa\u00e7\u00f5es<br><\/b>Poderemos compartilhar suas informa\u00e7\u00f5es pessoais com terceiros na medida necess\u00e1ria para atender aos requisitos legais ou \u00e0 execu\u00e7\u00e3o de um contrato.<\/p>\n<p><b>5. Seguran\u00e7a<br><\/b>Tomamos medidas de seguran\u00e7a apropriadas para proteger suas informa\u00e7\u00f5es pessoais.<\/p>\n<p><b>6. Informa\u00e7\u00f5es de contato<br><\/b>Para d\u00favidas sobre nossa pol\u00edtica de privacidade, entre em contato conosco usando as informa\u00e7\u00f5es de contato abaixo.<\/p>\n<p>Esta pol\u00edtica de privacidade est\u00e1 sujeita a altera\u00e7\u00f5es e iremos notific\u00e1-lo sobre quaisquer altera\u00e7\u00f5es em nosso site.<\/p>\t\t\t\t\t\t\t\t<\/div>\n\t\t\t\t\t<\/div>\n\t\t<\/div>\n\t\t\t\t\t<\/div>\n\t\t<\/section>\n\t\t\t\t<\/div>\n\t\t","protected":false},"excerpt":{"rendered":"<p>Home 1. Em primeiro lugarEsta pol\u00edtica de privacidade especifica como a PM CREATE (doravante denominada &#8220;n\u00f3s&#8221; ou &#8220;nos&#8221;) tratar\u00e1 suas informa\u00e7\u00f5es pessoais. Explica como coletamos, usamos e armazenamos suas informa\u00e7\u00f5es pessoais quando voc\u00ea usa nosso site e servi\u00e7os. 2. Informa\u00e7\u00f5es coletadasPodemos coletar suas informa\u00e7\u00f5es pessoais das seguintes maneiras: Informa\u00e7\u00f5es coletadas automaticamente quando voc\u00ea visita nosso [&hellip;]<\/p>\n","protected":false},"author":1,"featured_media":0,"parent":0,"menu_order":0,"comment_status":"closed","ping_status":"closed","template":"elementor_header_footer","meta":{"_joinchat":[],"footnotes":""},"class_list":["post-2593","page","type-page","status-publish","hentry"],"_links":{"self":[{"href":"https:\/\/pm-create.jp\/pt-br\/wp-json\/wp\/v2\/pages\/2593","targetHints":{"allow":["GET"]}}],"collection":[{"href":"https:\/\/pm-create.jp\/pt-br\/wp-json\/wp\/v2\/pages"}],"about":[{"href":"https:\/\/pm-create.jp\/pt-br\/wp-json\/wp\/v2\/types\/page"}],"author":[{"embeddable":true,"href":"https:\/\/pm-create.jp\/pt-br\/wp-json\/wp\/v2\/users\/1"}],"replies":[{"embeddable":true,"href":"https:\/\/pm-create.jp\/pt-br\/wp-json\/wp\/v2\/comments?post=2593"}],"version-history":[{"count":7,"href":"https:\/\/pm-create.jp\/pt-br\/wp-json\/wp\/v2\/pages\/2593\/revisions"}],"predecessor-version":[{"id":3841,"href":"https:\/\/pm-create.jp\/pt-br\/wp-json\/wp\/v2\/pages\/2593\/revisions\/3841"}],"wp:attachment":[{"href":"https:\/\/pm-create.jp\/pt-br\/wp-json\/wp\/v2\/media?parent=2593"}],"curies":[{"name":"wp","href":"https:\/\/api.w.org\/{rel}","templated":true}]}}